{"id":29,"date":"2015-05-07T13:45:04","date_gmt":"2015-05-07T11:45:04","guid":{"rendered":"http:\/\/www.spmo.org\/?page_id=29"},"modified":"2015-07-21T16:52:42","modified_gmt":"2015-07-21T14:52:42","slug":"faq","status":"publish","type":"page","link":"https:\/\/www.spmo.org\/?page_id=29","title":{"rendered":"FAQ"},"content":{"rendered":"<p style=\"text-align: justify;\"><strong>Kako postati pilot SV?<\/strong><br \/>\nZa to, da postane\u0161 voja\u0161ki pilot, potrebuje\u0161 kon\u010dano Fakulteto za strojni\u0161tvo v Ljubljani (Visoko\u0161olski \u0161tudij, smer Letalstvo, izbirna skupina Prometni pilot letala ali helikopterja), kon\u010dano selekcijsko letenje za pridobitev \u0161tipendije SV in uspe\u0161no zaklju\u010deno \u0160olo za \u010dastnike.<\/p>\n<p style=\"text-align: justify;\"><strong>Kako poteka izbor za pilota SV?<\/strong><br \/>\nIzbor za voja\u0161kega pilota poteka preko razpisa, ki je objavljen na internetni strani <a title=\"Postani vojak\" href=\"http:\/\/www.postanivojak.si\/\" target=\"_blank\">www.postanivojak.si<\/a>, na katerega se prijavi\u0161 in za tem pridobi\u0161 vse potrebne informacije o nadaljevanju izbora.<\/p>\n<p style=\"text-align: justify;\"><strong><a href=\"https:\/\/www.spmo.org\/wp-content\/uploads\/2015\/05\/DSC_0259.jpg\"><img decoding=\"async\" loading=\"lazy\" class=\" wp-image-18  alignright\" src=\"https:\/\/www.spmo.org\/wp-content\/uploads\/2015\/05\/DSC_0259-300x169.jpg\" alt=\"\" width=\"311\" height=\"175\" srcset=\"https:\/\/www.spmo.org\/wp-content\/uploads\/2015\/05\/DSC_0259-300x169.jpg 300w, https:\/\/www.spmo.org\/wp-content\/uploads\/2015\/05\/DSC_0259-1024x576.jpg 1024w\" sizes=\"(max-width: 311px) 100vw, 311px\" \/><\/a><\/strong><strong>Kaj je selekcija?<br \/>\n<\/strong>Selekcija oz. selekcijsko letenje je izbor kandidatov, ki\u00a0 poteka v Letalski bazi Cerklje ob Krki in traja tri tedne.\u00a0 Prvi\u00a0 teden se kandidate seznani z osnovami teorije letenja,\u00a0 letalom Zlin 242L in rajonom letali\u0161\u010da Cerklje ob Krki.\u00a0 Druga dva tedna pa kandidate \u010daka letenje na letalu v\u00a0 trajanju 6\u00a0 ur, kjer in\u0161truktorji spremljajo njihov napredek,\u00a0 ekipno\u00a0 delo\u00a0 in osebnost kandidata.<\/p>\n<p style=\"text-align: justify;\"><strong>Ali je za selekcijsko letenje potrebno letalsko predznanje?<\/strong><br \/>\nZa selekcijsko letenje letalsko predznanje ni potrebno, saj in\u0161truktorji spremljajo predvsem napredek kandidata skozi njegovo letenje in sposobnost sprejemanja novih informacij.<\/p>\n<p style=\"text-align: justify;\"><strong>Kje dobim informacije o razpisu za pilota SV?<\/strong><br \/>\nNa internetni strani <a title=\"Postani vojak\" href=\"http:\/\/www.postanivojak.si\/\" target=\"_blank\">www.postanivojak.si<\/a>.<\/p>\n<p style=\"text-align: justify;\"><strong>Kaj vse me \u010daka na poti, da postanem pilot SV?<br \/>\n<\/strong>Uspe\u0161en zaklju\u010dek \u0161tudija, opravljena selekcija za pilota SV in \u0161ole za \u010dastnike, nato pa te \u010daka podpis pogodbe ter usposabljanje za pridobitev \u010dastni\u0161kega naziva, v katerem opravlja\u0161 poklic pilota v SV in pa \u0161e letalsko usposabljanje, ki se izvaja v letalski bazi Cerklje ob Krki.<\/p>\n<p style=\"text-align: justify;\"><strong>Kak\u0161na usposabljanja opravi pilot, preden za\u010dne z letenjem?<\/strong><br \/>\nPo podpisu pogodbe te \u010daka 3 mese\u010dno usposabljanje v Vipavi (TVSU ? Temeljno Voja\u0161ko Strokovno Usposabljanje), ki se po kon\u010danju nadaljuje na \u0160oli za \u010dastnike v Mariboru. Usposabljanje tu traja 6 mesecev in se nato nadaljuje s sta\u017eiranjem v enoti, kjer pridobi\u0161 voja\u0161ko eviden\u010dno dol\u017enost (VED) \u010dastnik pilot. Za tem pa se pri\u010dne usposabljanje na letalu ali helikopterju.<\/p>\n<p style=\"text-align: justify;\"><strong>Koliko let traja usposabljanje na letalu ali helikopterju?<\/strong><br \/>\nUsposabljanje na letalu in helikopterju traja 4 do 5 let.<\/p>\n<p style=\"text-align: justify;\"><b>Potek selekcije za pridobitev \u0161tipendije za voja\u0161kega pilota:<\/b><\/p>\n<p><iframe loading=\"lazy\"  id=\"_ytid_45548\"  width=\"580\" height=\"326\"  data-origwidth=\"580\" data-origheight=\"326\" src=\"https:\/\/www.youtube.com\/embed\/s1i5WrfBogU?enablejsapi=1&#038;autoplay=0&#038;cc_load_policy=0&#038;cc_lang_pref=&#038;iv_load_policy=1&#038;loop=0&#038;modestbranding=0&#038;rel=1&#038;fs=1&#038;playsinline=0&#038;autohide=2&#038;theme=dark&#038;color=red&#038;controls=1&#038;\" class=\"__youtube_prefs__  epyt-is-override  no-lazyload\" title=\"YouTube player\"  allow=\"fullscreen; accelerometer; autoplay; clipboard-write; encrypted-media; gyroscope; picture-in-picture\" allowfullscreen data-no-lazy=\"1\" data-skipgform_ajax_framebjll=\"\"><\/iframe><\/p>\n<p style=\"text-align: justify;\"><strong>V kolikor imate vpra\u0161anja nam jih zaupajte s pomo\u010djo spodnjega obrazca, mi pa bomo po najbolj\u0161ih mo\u010deh poskusili odgovoriti nanje.<\/strong><\/p>\n<p style=\"text-align: justify;\"><div role=\"form\" class=\"wpcf7\" id=\"wpcf7-f78-o1\" lang=\"sl-SI\" dir=\"ltr\">\n<div class=\"screen-reader-response\"><\/div>\n<form action=\"\/index.php?rest_route=%2Fwp%2Fv2%2Fpages%2F29#wpcf7-f78-o1\" method=\"post\" class=\"wpcf7-form\" novalidate=\"novalidate\">\n<div style=\"display: none;\">\n<input type=\"hidden\" name=\"_wpcf7\" value=\"78\" \/>\n<input type=\"hidden\" name=\"_wpcf7_version\" value=\"5.1.4\" \/>\n<input type=\"hidden\" name=\"_wpcf7_locale\" value=\"sl_SI\" \/>\n<input type=\"hidden\" name=\"_wpcf7_unit_tag\" value=\"wpcf7-f78-o1\" \/>\n<input type=\"hidden\" name=\"_wpcf7_container_post\" value=\"0\" \/>\n<\/div>\n<p>Ime (obvezno)<br \/>\n    <span class=\"wpcf7-form-control-wrap your-name\"><input type=\"text\" name=\"your-name\" value=\"\" size=\"40\" class=\"wpcf7-form-control wpcf7-text wpcf7-validates-as-required\" aria-required=\"true\" aria-invalid=\"false\" \/><\/span> <\/p>\n<p>Va\u0161 eMail (obvezno)<br \/>\n    <span class=\"wpcf7-form-control-wrap your-email\"><input type=\"email\" name=\"your-email\" value=\"\" size=\"40\" class=\"wpcf7-form-control wpcf7-text wpcf7-email wpcf7-validates-as-required wpcf7-validates-as-email\" aria-required=\"true\" aria-invalid=\"false\" \/><\/span> <\/p>\n<p>Zadeva<br \/>\n    <span class=\"wpcf7-form-control-wrap your-subject\"><input type=\"text\" name=\"your-subject\" value=\"\" size=\"40\" class=\"wpcf7-form-control wpcf7-text\" aria-invalid=\"false\" \/><\/span> <\/p>\n<p>Sporo\u010dilo<br \/>\n    <span class=\"wpcf7-form-control-wrap your-message\"><textarea name=\"your-message\" cols=\"40\" rows=\"10\" class=\"wpcf7-form-control wpcf7-textarea\" aria-invalid=\"false\"><\/textarea><\/span> <\/p>\n<p><input type=\"submit\" value=\"Po\u0161lji\" class=\"wpcf7-form-control wpcf7-submit\" \/><\/p>\n<div class=\"wpcf7-response-output wpcf7-display-none\"><\/div><\/form><\/div><\/p>\n","protected":false},"excerpt":{"rendered":"<p>Kako postati pilot SV? Za to, da postane\u0161 voja\u0161ki pilot, potrebuje\u0161 kon\u010dano Fakulteto za strojni\u0161tvo v Ljubljani (Visoko\u0161olski \u0161tudij, smer Letalstvo, izbirna skupina Prometni pilot letala ali helikopterja), kon\u010dano selekcijsko letenje za pridobitev \u0161tipendije SV in uspe\u0161no zaklju\u010deno \u0160olo za \u010dastnike. Kako poteka izbor za pilota SV? Izbor za voja\u0161kega pilota poteka preko razpisa, ki <span class=\"ellipsis\">&hellip;<\/span> <span class=\"more-link-wrap\"><a href=\"https:\/\/www.spmo.org\/?page_id=29\" class=\"more-link\"><span>Read More &rarr;<\/span><\/a><\/span><\/p>\n","protected":false},"author":1,"featured_media":0,"parent":0,"menu_order":2,"comment_status":"closed","ping_status":"closed","template":"","meta":{"__cvm_playback_settings":[],"__cvm_video_id":"","_links_to":"","_links_to_target":""},"_links":{"self":[{"href":"https:\/\/www.spmo.org\/index.php?rest_route=\/wp\/v2\/pages\/29"}],"collection":[{"href":"https:\/\/www.spmo.org\/index.php?rest_route=\/wp\/v2\/pages"}],"about":[{"href":"https:\/\/www.spmo.org\/index.php?rest_route=\/wp\/v2\/types\/page"}],"author":[{"embeddable":true,"href":"https:\/\/www.spmo.org\/index.php?rest_route=\/wp\/v2\/users\/1"}],"replies":[{"embeddable":true,"href":"https:\/\/www.spmo.org\/index.php?rest_route=%2Fwp%2Fv2%2Fcomments&post=29"}],"version-history":[{"count":18,"href":"https:\/\/www.spmo.org\/index.php?rest_route=\/wp\/v2\/pages\/29\/revisions"}],"predecessor-version":[{"id":186,"href":"https:\/\/www.spmo.org\/index.php?rest_route=\/wp\/v2\/pages\/29\/revisions\/186"}],"wp:attachment":[{"href":"https:\/\/www.spmo.org\/index.php?rest_route=%2Fwp%2Fv2%2Fmedia&parent=29"}],"curies":[{"name":"wp","href":"https:\/\/api.w.org\/{rel}","templated":true}]}}