{"id":34,"date":"2015-05-07T14:32:42","date_gmt":"2015-05-07T12:32:42","guid":{"rendered":"http:\/\/www.spmo.org\/?page_id=34"},"modified":"2018-03-13T20:20:55","modified_gmt":"2018-03-13T19:20:55","slug":"kontakt","status":"publish","type":"page","link":"https:\/\/www.spmo.org\/?page_id=34","title":{"rendered":"KONTAKT"},"content":{"rendered":"<p><strong>Splo\u0161ni E-mail:<\/strong> info(at)spmo.org<\/p>\n<p><strong>Predsednik:<\/strong> Matija Zupan\u010di\u010d, v. d.<br \/>\n<strong>Telefon:<\/strong> <span class=\"baec5a81-e4d6-4674-97f3-e9220f0136c1\" style=\"white-space: nowrap;\">+386 40 737 727<br \/>\n<strong>E-mail<\/strong>: predsednik(at)spmo.org<br \/>\n<\/span><\/p>\n<p><a href=\"https:\/\/www.spmo.org\/wp-content\/uploads\/2015\/05\/13032012410.jpg\"><img decoding=\"async\" loading=\"lazy\" class=\"alignnone size-medium wp-image-16\" src=\"https:\/\/www.spmo.org\/wp-content\/uploads\/2015\/05\/13032012410-300x225.jpg\" alt=\"13032012410\" width=\"300\" height=\"225\" srcset=\"https:\/\/www.spmo.org\/wp-content\/uploads\/2015\/05\/13032012410-300x225.jpg 300w, https:\/\/www.spmo.org\/wp-content\/uploads\/2015\/05\/13032012410-1024x768.jpg 1024w, https:\/\/www.spmo.org\/wp-content\/uploads\/2015\/05\/13032012410.jpg 2048w\" sizes=\"(max-width: 300px) 100vw, 300px\" \/><\/a><\/p>\n","protected":false},"excerpt":{"rendered":"<p>Splo\u0161ni E-mail: info(at)spmo.org Predsednik: Matija Zupan\u010di\u010d, v. d. Telefon: +386 40 737 727 E-mail: predsednik(at)spmo.org<\/p>\n","protected":false},"author":1,"featured_media":0,"parent":0,"menu_order":3,"comment_status":"closed","ping_status":"closed","template":"","meta":{"__cvm_playback_settings":[],"__cvm_video_id":"","_links_to":"","_links_to_target":""},"_links":{"self":[{"href":"https:\/\/www.spmo.org\/index.php?rest_route=\/wp\/v2\/pages\/34"}],"collection":[{"href":"https:\/\/www.spmo.org\/index.php?rest_route=\/wp\/v2\/pages"}],"about":[{"href":"https:\/\/www.spmo.org\/index.php?rest_route=\/wp\/v2\/types\/page"}],"author":[{"embeddable":true,"href":"https:\/\/www.spmo.org\/index.php?rest_route=\/wp\/v2\/users\/1"}],"replies":[{"embeddable":true,"href":"https:\/\/www.spmo.org\/index.php?rest_route=%2Fwp%2Fv2%2Fcomments&post=34"}],"version-history":[{"count":7,"href":"https:\/\/www.spmo.org\/index.php?rest_route=\/wp\/v2\/pages\/34\/revisions"}],"predecessor-version":[{"id":629,"href":"https:\/\/www.spmo.org\/index.php?rest_route=\/wp\/v2\/pages\/34\/revisions\/629"}],"wp:attachment":[{"href":"https:\/\/www.spmo.org\/index.php?rest_route=%2Fwp%2Fv2%2Fmedia&parent=34"}],"curies":[{"name":"wp","href":"https:\/\/api.w.org\/{rel}","templated":true}]}}